{"id":2988,"date":"2024-03-22T13:54:16","date_gmt":"2024-03-22T13:54:16","guid":{"rendered":"https:\/\/lombrelle.qc.ca\/por-cierto\/quiero-implicarme\/"},"modified":"2024-06-04T18:30:00","modified_gmt":"2024-06-04T18:30:00","slug":"quiero-implicarme","status":"publish","type":"page","link":"https:\/\/lombrelle.qc.ca\/es\/por-cierto\/quiero-implicarme\/","title":{"rendered":"Quiero implicarme"},"content":{"rendered":"\t\t<div data-elementor-type=\"wp-page\" data-elementor-id=\"2988\" class=\"elementor elementor-2988 elementor-362\">\n\t\t\t\t\t\t<section class=\"elementor-section elementor-top-section elementor-element elementor-element-26f6421e elementor-section-boxed elementor-section-height-default elementor-section-height-default\" data-id=\"26f6421e\" data-element_type=\"section\">\n\t\t\t\t\t\t<div class=\"elementor-container elementor-column-gap-default\">\n\t\t\t\t\t<div class=\"aux-parallax-section elementor-column elementor-col-100 elementor-top-column elementor-element elementor-element-1af38308\" data-id=\"1af38308\" data-element_type=\"column\">\n\t\t\t<div class=\"elementor-widget-wrap elementor-element-populated\">\n\t\t\t\t\t\t<div class=\"elementor-element elementor-element-2378ff6a elementor-widget__width-initial elementor-widget elementor-widget-aux_modern_heading\" data-id=\"2378ff6a\" data-element_type=\"widget\" data-widget_type=\"aux_modern_heading.default\">\n\t\t\t\t<div class=\"elementor-widget-container\">\n\t\t\t<section class=\"aux-widget-modern-heading\">\n            <div class=\"aux-widget-inner\"><h2 class=\"aux-modern-heading-primary\">QUIERO IMPLICARME<\/h2><h3 class=\"aux-modern-heading-secondary\"><span class=\"aux-head-highlight\">Ayudar es contribuir a que m\u00e1s mujeres y ni\u00f1os se sientan seguros.<\/span><\/h3><div class=\"aux-modern-heading-description\"><p>Cada a\u00f1o, vemos que las solicitudes de ayuda aumentan, y cada a\u00f1o redoblamos esfuerzos y originalidad con el fin de conservar servicios de calidad. Por eso sus donaciones son valiosas y permiten apoyar directamente a mujeres y ni\u00f1os.<\/p>\n<ul>\n<li>Vestir convenientemente a una mujer durante el invierno;<\/li>\n<li>Pagar una mudanza<\/li>\n<li>Pagar un almac\u00e9n para que la mujer conserve sus bienes<\/li>\n<li>Entregar a los ni\u00f1os \u00fatiles escolares.<\/li>\n<\/ul>\n<p>Por cada donaci\u00f3n de dinero, se entrega un recibo oficial.<\/p>\n<p>Juntos, hacemos una diferencia en la vida de las mujeres y de los ni\u00f1os, v\u00edctimas de violencia conyugal.<\/p>\n<\/div><\/div>\n        <\/section>\t\t<\/div>\n\t\t\t\t<\/div>\n\t\t\t\t<div class=\"elementor-element elementor-element-db70751 elementor-widget elementor-widget-button\" data-id=\"db70751\" data-element_type=\"widget\" data-widget_type=\"button.default\">\n\t\t\t\t<div class=\"elementor-widget-container\">\n\t\t\t\t\t\t\t<div class=\"elementor-button-wrapper\">\n\t\t\t\t\t<a class=\"elementor-button elementor-button-link elementor-size-sm\" href=\"https:\/\/www.canadahelps.org\/fr\/dn\/28304\">\n\t\t\t\t\t\t<span class=\"elementor-button-content-wrapper\">\n\t\t\t\t\t\t\t\t\t<span class=\"elementor-button-text\">Hacer una donaci\u00f3n<\/span>\n\t\t\t\t\t<\/span>\n\t\t\t\t\t<\/a>\n\t\t\t\t<\/div>\n\t\t\t\t\t\t<\/div>\n\t\t\t\t<\/div>\n\t\t\t\t<div class=\"elementor-element elementor-element-513a11bb e-transform elementor-hidden-mobile aux-appear-watch-animation aux-scale-up-2 elementor-widget elementor-widget-aux_image\" data-id=\"513a11bb\" data-element_type=\"widget\" data-settings=\"{&quot;_transform_scale_effect&quot;:{&quot;unit&quot;:&quot;px&quot;,&quot;size&quot;:0.8,&quot;sizes&quot;:[]},&quot;_transform_scale_effect_tablet&quot;:{&quot;unit&quot;:&quot;px&quot;,&quot;size&quot;:&quot;&quot;,&quot;sizes&quot;:[]},&quot;_transform_scale_effect_mobile&quot;:{&quot;unit&quot;:&quot;px&quot;,&quot;size&quot;:&quot;&quot;,&quot;sizes&quot;:[]}}\" data-widget_type=\"aux_image.default\">\n\t\t\t\t<div class=\"elementor-widget-container\">\n\t\t\t<section class=\"widget-container aux-widget-image aux-alignnone aux-parent-au6b1ad835\">\n    <div class=\"aux-media-hint-frame \">\n        <div class=\"aux-media-image \" >\n        \n            \n\n            \n            <img fetchpriority=\"high\" decoding=\"async\" width=\"278\" height=\"278\" src=\"https:\/\/lombrelle.qc.ca\/wp-content\/uploads\/2024\/04\/implique-blue.png\" class=\"aux-attachment aux-featured-image aux-attachment-id-849\" alt=\"implique-blue\" data-ratio=\"1\" data-original-w=\"278\" \/>            \n                <\/div>\n    <\/div>\n\n<\/section><!-- widget-container -->\t\t<\/div>\n\t\t\t\t<\/div>\n\t\t\t\t<div class=\"elementor-element elementor-element-b5d10a1 e-transform elementor-hidden-mobile elementor-widget elementor-widget-aux_image\" data-id=\"b5d10a1\" data-element_type=\"widget\" data-settings=\"{&quot;_transform_scale_effect&quot;:{&quot;unit&quot;:&quot;px&quot;,&quot;size&quot;:0.8,&quot;sizes&quot;:[]},&quot;_transform_scale_effect_tablet&quot;:{&quot;unit&quot;:&quot;px&quot;,&quot;size&quot;:&quot;&quot;,&quot;sizes&quot;:[]},&quot;_transform_scale_effect_mobile&quot;:{&quot;unit&quot;:&quot;px&quot;,&quot;size&quot;:&quot;&quot;,&quot;sizes&quot;:[]}}\" data-widget_type=\"aux_image.default\">\n\t\t\t\t<div class=\"elementor-widget-container\">\n\t\t\t<section class=\"widget-container aux-widget-image aux-alignnone aux-parent-au1897f7bb\">\n    <div class=\"aux-media-hint-frame \">\n        <div class=\"aux-media-image \" >\n        \n            \n\n            \n            <img decoding=\"async\" width=\"1192\" height=\"1018\" src=\"https:\/\/lombrelle.qc.ca\/wp-content\/uploads\/2024\/05\/implique-img.png\" class=\"aux-attachment aux-featured-image aux-attachment-id-2304\" alt=\"implique-img\" data-ratio=\"1.17\" data-original-w=\"1192\" \/>            \n                <\/div>\n    <\/div>\n\n<\/section><!-- widget-container -->\t\t<\/div>\n\t\t\t\t<\/div>\n\t\t\t\t<div class=\"elementor-element elementor-element-2397119 e-transform elementor-hidden-mobile aux-appear-watch-animation aux-slide-from-bot elementor-widget elementor-widget-aux_image\" data-id=\"2397119\" data-element_type=\"widget\" data-settings=\"{&quot;_transform_scale_effect&quot;:{&quot;unit&quot;:&quot;px&quot;,&quot;size&quot;:0.8,&quot;sizes&quot;:[]},&quot;_transform_scale_effect_tablet&quot;:{&quot;unit&quot;:&quot;px&quot;,&quot;size&quot;:&quot;&quot;,&quot;sizes&quot;:[]},&quot;_transform_scale_effect_mobile&quot;:{&quot;unit&quot;:&quot;px&quot;,&quot;size&quot;:&quot;&quot;,&quot;sizes&quot;:[]}}\" data-widget_type=\"aux_image.default\">\n\t\t\t\t<div class=\"elementor-widget-container\">\n\t\t\t<section class=\"widget-container aux-widget-image aux-alignnone aux-parent-aua43194fb\">\n    <div class=\"aux-media-hint-frame \">\n        <div class=\"aux-media-image \" >\n        \n            \n\n            \n            <img decoding=\"async\" width=\"279\" height=\"275\" src=\"https:\/\/lombrelle.qc.ca\/wp-content\/uploads\/2024\/04\/implique-yellow.png\" class=\"aux-attachment aux-featured-image aux-attachment-id-850\" alt=\"implique-yellow\" data-ratio=\"1.01\" data-original-w=\"279\" \/>            \n                <\/div>\n    <\/div>\n\n<\/section><!-- widget-container -->\t\t<\/div>\n\t\t\t\t<\/div>\n\t\t\t\t<div class=\"elementor-element elementor-element-5b0fc25 e-transform elementor-hidden-mobile aux-appear-watch-animation aux-scale-up elementor-widget elementor-widget-aux_image\" data-id=\"5b0fc25\" data-element_type=\"widget\" data-settings=\"{&quot;_transform_scale_effect&quot;:{&quot;unit&quot;:&quot;px&quot;,&quot;size&quot;:0.8,&quot;sizes&quot;:[]},&quot;_transform_scale_effect_tablet&quot;:{&quot;unit&quot;:&quot;px&quot;,&quot;size&quot;:&quot;&quot;,&quot;sizes&quot;:[]},&quot;_transform_scale_effect_mobile&quot;:{&quot;unit&quot;:&quot;px&quot;,&quot;size&quot;:&quot;&quot;,&quot;sizes&quot;:[]}}\" data-widget_type=\"aux_image.default\">\n\t\t\t\t<div class=\"elementor-widget-container\">\n\t\t\t<section class=\"widget-container aux-widget-image aux-alignnone aux-parent-auf6e6d5b1\">\n    <div class=\"aux-media-hint-frame \">\n        <div class=\"aux-media-image \" >\n        \n            \n\n            \n            <img loading=\"lazy\" decoding=\"async\" width=\"228\" height=\"228\" src=\"https:\/\/lombrelle.qc.ca\/wp-content\/uploads\/2024\/04\/implique-turquoise.png\" class=\"aux-attachment aux-featured-image aux-attachment-id-853\" alt=\"implique-turquoise\" data-ratio=\"1\" data-original-w=\"228\" \/>            \n                <\/div>\n    <\/div>\n\n<\/section><!-- widget-container -->\t\t<\/div>\n\t\t\t\t<\/div>\n\t\t\t\t<div class=\"elementor-element elementor-element-5d8e0f4 e-transform elementor-hidden-tablet elementor-hidden-mobile aux-appear-watch-animation aux-pulse-out-1 elementor-widget elementor-widget-aux_image\" data-id=\"5d8e0f4\" data-element_type=\"widget\" data-settings=\"{&quot;_transform_scale_effect&quot;:{&quot;unit&quot;:&quot;px&quot;,&quot;size&quot;:0.8,&quot;sizes&quot;:[]},&quot;_transform_scale_effect_tablet&quot;:{&quot;unit&quot;:&quot;px&quot;,&quot;size&quot;:&quot;&quot;,&quot;sizes&quot;:[]},&quot;_transform_scale_effect_mobile&quot;:{&quot;unit&quot;:&quot;px&quot;,&quot;size&quot;:&quot;&quot;,&quot;sizes&quot;:[]}}\" data-widget_type=\"aux_image.default\">\n\t\t\t\t<div class=\"elementor-widget-container\">\n\t\t\t<section class=\"widget-container aux-widget-image aux-alignnone aux-parent-au068721c2\">\n    <div class=\"aux-media-hint-frame \">\n        <div class=\"aux-media-image \" >\n        \n            \n\n            \n            <img loading=\"lazy\" decoding=\"async\" width=\"133\" height=\"131\" src=\"https:\/\/lombrelle.qc.ca\/wp-content\/uploads\/2024\/04\/implique-green-1.png\" class=\"aux-attachment aux-featured-image aux-attachment-id-852\" alt=\"implique-green\" data-ratio=\"1.02\" data-original-w=\"133\" \/>            \n                <\/div>\n    <\/div>\n\n<\/section><!-- widget-container -->\t\t<\/div>\n\t\t\t\t<\/div>\n\t\t\t\t\t<\/div>\n\t\t<\/div>\n\t\t\t\t\t<\/div>\n\t\t<\/section>\n\t\t\t\t<section class=\"elementor-section elementor-top-section elementor-element elementor-element-22c3a71e elementor-section-stretched elementor-section-boxed elementor-section-height-default elementor-section-height-default\" data-id=\"22c3a71e\" data-element_type=\"section\" data-settings=\"{&quot;stretch_section&quot;:&quot;section-stretched&quot;,&quot;background_background&quot;:&quot;classic&quot;}\">\n\t\t\t\t\t\t<div class=\"elementor-container elementor-column-gap-default\">\n\t\t\t\t\t<div class=\"aux-parallax-section elementor-column elementor-col-100 elementor-top-column elementor-element elementor-element-26bb0b29\" data-id=\"26bb0b29\" data-element_type=\"column\">\n\t\t\t<div class=\"elementor-widget-wrap\">\n\t\t\t\t\t\t\t<\/div>\n\t\t<\/div>\n\t\t\t\t\t<\/div>\n\t\t<\/section>\n\t\t\t\t<section class=\"elementor-section elementor-top-section elementor-element elementor-element-a8b8b8e elementor-section-stretched elementor-section-boxed elementor-section-height-default elementor-section-height-default\" data-id=\"a8b8b8e\" data-element_type=\"section\" data-settings=\"{&quot;stretch_section&quot;:&quot;section-stretched&quot;,&quot;background_background&quot;:&quot;classic&quot;}\">\n\t\t\t\t\t\t<div class=\"elementor-container elementor-column-gap-default\">\n\t\t\t\t\t<div class=\"aux-parallax-section elementor-column elementor-col-100 elementor-top-column elementor-element elementor-element-650b67a4 aux-appear-watch-animation aux-fade-in-up-2\" data-id=\"650b67a4\" data-element_type=\"column\">\n\t\t\t<div class=\"elementor-widget-wrap elementor-element-populated\">\n\t\t\t\t\t\t<div class=\"elementor-element elementor-element-6601d30a elementor-widget elementor-widget-aux_modern_heading\" data-id=\"6601d30a\" data-element_type=\"widget\" data-widget_type=\"aux_modern_heading.default\">\n\t\t\t\t<div class=\"elementor-widget-container\">\n\t\t\t<section class=\"aux-widget-modern-heading\">\n            <div class=\"aux-widget-inner\"><h2 class=\"aux-modern-heading-primary\">Volverse miembro<\/h2><div class=\"aux-modern-heading-description\"><p>\u00bfLa causa es significativa para t\u00ed? \u00bfEres una mujer mayor de edad que busca involucrarse en la lucha contra la violencia dom\u00e9stica? <br \/>Puedes volverte miembro de L\u2019Ombre-Elle y contribuir a los cambios hombro a hombro con nosotros. <br \/><strong>Cont\u00e1ctanos para saber m\u00e1s.<\/strong><\/p>\n<\/div><\/div>\n        <\/section>\t\t<\/div>\n\t\t\t\t<\/div>\n\t\t\t\t<div class=\"elementor-element elementor-element-4d32045c elementor-align-center elementor-widget elementor-widget-button\" data-id=\"4d32045c\" data-element_type=\"widget\" data-widget_type=\"button.default\">\n\t\t\t\t<div class=\"elementor-widget-container\">\n\t\t\t\t\t\t\t<div class=\"elementor-button-wrapper\">\n\t\t\t\t\t<a class=\"elementor-button elementor-button-link elementor-size-sm\" href=\"https:\/\/lombrelle.qc.ca\/es\/contacto\/\">\n\t\t\t\t\t\t<span class=\"elementor-button-content-wrapper\">\n\t\t\t\t\t\t\t\t\t<span class=\"elementor-button-text\">Cont\u00e1ctanos<\/span>\n\t\t\t\t\t<\/span>\n\t\t\t\t\t<\/a>\n\t\t\t\t<\/div>\n\t\t\t\t\t\t<\/div>\n\t\t\t\t<\/div>\n\t\t\t\t\t<\/div>\n\t\t<\/div>\n\t\t\t\t\t<\/div>\n\t\t<\/section>\n\t\t\t\t<\/div>\n\t\t","protected":false},"excerpt":{"rendered":"<p>Ofrecemos alojamiento temporal, seguro y gratuito, as\u00ed como servicios de ayuda y acompa\u00f1amiento a corto plazo para mujeres y sus hijos v\u00edctimas de violencia dom\u00e9stica y control coercitivo.<\/p>\n","protected":false},"author":1,"featured_media":0,"parent":2954,"menu_order":0,"comment_status":"closed","ping_status":"closed","template":"","meta":{"footnotes":""},"class_list":["post-2988","page","type-page","status-publish","hentry"],"yoast_head":"<!-- This site is optimized with the Yoast SEO plugin v23.9 - https:\/\/yoast.com\/wordpress\/plugins\/seo\/ -->\n<title>Quiero implicarme - L&#039;Ombre-Elle<\/title>\n<meta name=\"description\" content=\"Quiero involucrarme en la organizaci\u00f3n de ayuda y alojamiento para las v\u00edctimas de violencia dom\u00e9stica. Voluntariado, profesionales, allegados.\" \/>\n<meta name=\"robots\" content=\"noindex, follow, max-snippet:-1, max-image-preview:large, max-video-preview:-1\" \/>\n<meta property=\"og:locale\" content=\"es_ES\" \/>\n<meta property=\"og:type\" content=\"article\" \/>\n<meta property=\"og:title\" content=\"Quiero implicarme - L&#039;Ombre-Elle\" \/>\n<meta property=\"og:description\" content=\"Quiero involucrarme en la organizaci\u00f3n de ayuda y alojamiento para las v\u00edctimas de violencia dom\u00e9stica. Voluntariado, profesionales, allegados.\" \/>\n<meta property=\"og:url\" content=\"https:\/\/lombrelle.qc.ca\/es\/por-cierto\/quiero-implicarme\/\" \/>\n<meta property=\"og:site_name\" content=\"L&#039;Ombre-Elle\" \/>\n<meta property=\"article:modified_time\" content=\"2024-06-04T18:30:00+00:00\" \/>\n<meta property=\"og:image\" content=\"https:\/\/lombrelle.qc.ca\/wp-content\/uploads\/2024\/04\/implique-blue.png\" \/>\n<meta name=\"twitter:card\" content=\"summary_large_image\" \/>\n<meta name=\"twitter:label1\" content=\"Tiempo de lectura\" \/>\n\t<meta name=\"twitter:data1\" content=\"2 minutos\" \/>\n<script type=\"application\/ld+json\" class=\"yoast-schema-graph\">{\"@context\":\"https:\/\/schema.org\",\"@graph\":[{\"@type\":\"WebPage\",\"@id\":\"https:\/\/lombrelle.qc.ca\/es\/por-cierto\/quiero-implicarme\/\",\"url\":\"https:\/\/lombrelle.qc.ca\/es\/por-cierto\/quiero-implicarme\/\",\"name\":\"Quiero implicarme - L&#039;Ombre-Elle\",\"isPartOf\":{\"@id\":\"https:\/\/lombrelle.qc.ca\/es\/#website\"},\"primaryImageOfPage\":{\"@id\":\"https:\/\/lombrelle.qc.ca\/es\/por-cierto\/quiero-implicarme\/#primaryimage\"},\"image\":{\"@id\":\"https:\/\/lombrelle.qc.ca\/es\/por-cierto\/quiero-implicarme\/#primaryimage\"},\"thumbnailUrl\":\"https:\/\/lombrelle.qc.ca\/wp-content\/uploads\/2024\/04\/implique-blue.png\",\"datePublished\":\"2024-03-22T13:54:16+00:00\",\"dateModified\":\"2024-06-04T18:30:00+00:00\",\"description\":\"Quiero involucrarme en la organizaci\u00f3n de ayuda y alojamiento para las v\u00edctimas de violencia dom\u00e9stica. Voluntariado, profesionales, allegados.\",\"breadcrumb\":{\"@id\":\"https:\/\/lombrelle.qc.ca\/es\/por-cierto\/quiero-implicarme\/#breadcrumb\"},\"inLanguage\":\"es\",\"potentialAction\":[{\"@type\":\"ReadAction\",\"target\":[\"https:\/\/lombrelle.qc.ca\/es\/por-cierto\/quiero-implicarme\/\"]}]},{\"@type\":\"ImageObject\",\"inLanguage\":\"es\",\"@id\":\"https:\/\/lombrelle.qc.ca\/es\/por-cierto\/quiero-implicarme\/#primaryimage\",\"url\":\"https:\/\/lombrelle.qc.ca\/wp-content\/uploads\/2024\/04\/implique-blue.png\",\"contentUrl\":\"https:\/\/lombrelle.qc.ca\/wp-content\/uploads\/2024\/04\/implique-blue.png\"},{\"@type\":\"BreadcrumbList\",\"@id\":\"https:\/\/lombrelle.qc.ca\/es\/por-cierto\/quiero-implicarme\/#breadcrumb\",\"itemListElement\":[{\"@type\":\"ListItem\",\"position\":1,\"name\":\"Home\",\"item\":\"https:\/\/lombrelle.qc.ca\/es\/\"},{\"@type\":\"ListItem\",\"position\":2,\"name\":\"Por cierto\",\"item\":\"https:\/\/lombrelle.qc.ca\/es\/a-propos\/\"},{\"@type\":\"ListItem\",\"position\":3,\"name\":\"Quiero implicarme\"}]},{\"@type\":\"WebSite\",\"@id\":\"https:\/\/lombrelle.qc.ca\/es\/#website\",\"url\":\"https:\/\/lombrelle.qc.ca\/es\/\",\"name\":\"L'Ombre-Elle\",\"description\":\"\",\"publisher\":{\"@id\":\"https:\/\/lombrelle.qc.ca\/es\/#organization\"},\"potentialAction\":[{\"@type\":\"SearchAction\",\"target\":{\"@type\":\"EntryPoint\",\"urlTemplate\":\"https:\/\/lombrelle.qc.ca\/es\/?s={search_term_string}\"},\"query-input\":{\"@type\":\"PropertyValueSpecification\",\"valueRequired\":true,\"valueName\":\"search_term_string\"}}],\"inLanguage\":\"es\"},{\"@type\":\"Organization\",\"@id\":\"https:\/\/lombrelle.qc.ca\/es\/#organization\",\"name\":\"L'Ombre-Elle\",\"url\":\"https:\/\/lombrelle.qc.ca\/es\/\",\"logo\":{\"@type\":\"ImageObject\",\"inLanguage\":\"es\",\"@id\":\"https:\/\/lombrelle.qc.ca\/es\/#\/schema\/logo\/image\/\",\"url\":\"https:\/\/lombrelle.qc.ca\/wp-content\/uploads\/2024\/05\/OMBRE_Logo_refonte2024_Horizontal_REV_VF.png\",\"contentUrl\":\"https:\/\/lombrelle.qc.ca\/wp-content\/uploads\/2024\/05\/OMBRE_Logo_refonte2024_Horizontal_REV_VF.png\",\"width\":275,\"height\":87,\"caption\":\"L'Ombre-Elle\"},\"image\":{\"@id\":\"https:\/\/lombrelle.qc.ca\/es\/#\/schema\/logo\/image\/\"}}]}<\/script>\n<!-- \/ Yoast SEO plugin. -->","yoast_head_json":{"title":"Quiero implicarme - L&#039;Ombre-Elle","description":"Quiero involucrarme en la organizaci\u00f3n de ayuda y alojamiento para las v\u00edctimas de violencia dom\u00e9stica. Voluntariado, profesionales, allegados.","robots":{"index":"noindex","follow":"follow","max-snippet":"max-snippet:-1","max-image-preview":"max-image-preview:large","max-video-preview":"max-video-preview:-1"},"og_locale":"es_ES","og_type":"article","og_title":"Quiero implicarme - L&#039;Ombre-Elle","og_description":"Quiero involucrarme en la organizaci\u00f3n de ayuda y alojamiento para las v\u00edctimas de violencia dom\u00e9stica. Voluntariado, profesionales, allegados.","og_url":"https:\/\/lombrelle.qc.ca\/es\/por-cierto\/quiero-implicarme\/","og_site_name":"L&#039;Ombre-Elle","article_modified_time":"2024-06-04T18:30:00+00:00","og_image":[{"url":"https:\/\/lombrelle.qc.ca\/wp-content\/uploads\/2024\/04\/implique-blue.png"}],"twitter_card":"summary_large_image","twitter_misc":{"Tiempo de lectura":"2 minutos"},"schema":{"@context":"https:\/\/schema.org","@graph":[{"@type":"WebPage","@id":"https:\/\/lombrelle.qc.ca\/es\/por-cierto\/quiero-implicarme\/","url":"https:\/\/lombrelle.qc.ca\/es\/por-cierto\/quiero-implicarme\/","name":"Quiero implicarme - L&#039;Ombre-Elle","isPartOf":{"@id":"https:\/\/lombrelle.qc.ca\/es\/#website"},"primaryImageOfPage":{"@id":"https:\/\/lombrelle.qc.ca\/es\/por-cierto\/quiero-implicarme\/#primaryimage"},"image":{"@id":"https:\/\/lombrelle.qc.ca\/es\/por-cierto\/quiero-implicarme\/#primaryimage"},"thumbnailUrl":"https:\/\/lombrelle.qc.ca\/wp-content\/uploads\/2024\/04\/implique-blue.png","datePublished":"2024-03-22T13:54:16+00:00","dateModified":"2024-06-04T18:30:00+00:00","description":"Quiero involucrarme en la organizaci\u00f3n de ayuda y alojamiento para las v\u00edctimas de violencia dom\u00e9stica. Voluntariado, profesionales, allegados.","breadcrumb":{"@id":"https:\/\/lombrelle.qc.ca\/es\/por-cierto\/quiero-implicarme\/#breadcrumb"},"inLanguage":"es","potentialAction":[{"@type":"ReadAction","target":["https:\/\/lombrelle.qc.ca\/es\/por-cierto\/quiero-implicarme\/"]}]},{"@type":"ImageObject","inLanguage":"es","@id":"https:\/\/lombrelle.qc.ca\/es\/por-cierto\/quiero-implicarme\/#primaryimage","url":"https:\/\/lombrelle.qc.ca\/wp-content\/uploads\/2024\/04\/implique-blue.png","contentUrl":"https:\/\/lombrelle.qc.ca\/wp-content\/uploads\/2024\/04\/implique-blue.png"},{"@type":"BreadcrumbList","@id":"https:\/\/lombrelle.qc.ca\/es\/por-cierto\/quiero-implicarme\/#breadcrumb","itemListElement":[{"@type":"ListItem","position":1,"name":"Home","item":"https:\/\/lombrelle.qc.ca\/es\/"},{"@type":"ListItem","position":2,"name":"Por cierto","item":"https:\/\/lombrelle.qc.ca\/es\/a-propos\/"},{"@type":"ListItem","position":3,"name":"Quiero implicarme"}]},{"@type":"WebSite","@id":"https:\/\/lombrelle.qc.ca\/es\/#website","url":"https:\/\/lombrelle.qc.ca\/es\/","name":"L'Ombre-Elle","description":"","publisher":{"@id":"https:\/\/lombrelle.qc.ca\/es\/#organization"},"potentialAction":[{"@type":"SearchAction","target":{"@type":"EntryPoint","urlTemplate":"https:\/\/lombrelle.qc.ca\/es\/?s={search_term_string}"},"query-input":{"@type":"PropertyValueSpecification","valueRequired":true,"valueName":"search_term_string"}}],"inLanguage":"es"},{"@type":"Organization","@id":"https:\/\/lombrelle.qc.ca\/es\/#organization","name":"L'Ombre-Elle","url":"https:\/\/lombrelle.qc.ca\/es\/","logo":{"@type":"ImageObject","inLanguage":"es","@id":"https:\/\/lombrelle.qc.ca\/es\/#\/schema\/logo\/image\/","url":"https:\/\/lombrelle.qc.ca\/wp-content\/uploads\/2024\/05\/OMBRE_Logo_refonte2024_Horizontal_REV_VF.png","contentUrl":"https:\/\/lombrelle.qc.ca\/wp-content\/uploads\/2024\/05\/OMBRE_Logo_refonte2024_Horizontal_REV_VF.png","width":275,"height":87,"caption":"L'Ombre-Elle"},"image":{"@id":"https:\/\/lombrelle.qc.ca\/es\/#\/schema\/logo\/image\/"}}]}},"_links":{"self":[{"href":"https:\/\/lombrelle.qc.ca\/es\/wp-json\/wp\/v2\/pages\/2988","targetHints":{"allow":["GET"]}}],"collection":[{"href":"https:\/\/lombrelle.qc.ca\/es\/wp-json\/wp\/v2\/pages"}],"about":[{"href":"https:\/\/lombrelle.qc.ca\/es\/wp-json\/wp\/v2\/types\/page"}],"author":[{"embeddable":true,"href":"https:\/\/lombrelle.qc.ca\/es\/wp-json\/wp\/v2\/users\/1"}],"replies":[{"embeddable":true,"href":"https:\/\/lombrelle.qc.ca\/es\/wp-json\/wp\/v2\/comments?post=2988"}],"version-history":[{"count":4,"href":"https:\/\/lombrelle.qc.ca\/es\/wp-json\/wp\/v2\/pages\/2988\/revisions"}],"predecessor-version":[{"id":3141,"href":"https:\/\/lombrelle.qc.ca\/es\/wp-json\/wp\/v2\/pages\/2988\/revisions\/3141"}],"up":[{"embeddable":true,"href":"https:\/\/lombrelle.qc.ca\/es\/wp-json\/wp\/v2\/pages\/2954"}],"wp:attachment":[{"href":"https:\/\/lombrelle.qc.ca\/es\/wp-json\/wp\/v2\/media?parent=2988"}],"curies":[{"name":"wp","href":"https:\/\/api.w.org\/{rel}","templated":true}]}}