{"id":2927,"date":"2024-04-10T16:19:22","date_gmt":"2024-04-10T16:19:22","guid":{"rendered":"https:\/\/lombrelle.qc.ca\/necesito-ayuda\/seccion-ado\/cuestionario-para-adolescentes\/"},"modified":"2024-06-04T18:36:33","modified_gmt":"2024-06-04T18:36:33","slug":"cuestionario-para-adolescentes","status":"publish","type":"page","link":"https:\/\/lombrelle.qc.ca\/es\/necesito-ayuda\/seccion-ado\/cuestionario-para-adolescentes\/","title":{"rendered":"Cuestionario para Adolescentes"},"content":{"rendered":"\t\t<div data-elementor-type=\"wp-page\" data-elementor-id=\"2927\" class=\"elementor elementor-2927 elementor-1496\">\n\t\t\t\t\t\t<section class=\"elementor-section elementor-top-section elementor-element elementor-element-1272d05b elementor-section-boxed elementor-section-height-default elementor-section-height-default\" data-id=\"1272d05b\" data-element_type=\"section\">\n\t\t\t\t\t\t\t<div class=\"elementor-background-overlay\"><\/div>\n\t\t\t\t\t\t\t<div class=\"elementor-container elementor-column-gap-default\">\n\t\t\t\t\t<div class=\"aux-parallax-section elementor-column elementor-col-100 elementor-top-column elementor-element elementor-element-3e1f5126\" data-id=\"3e1f5126\" data-element_type=\"column\">\n\t\t\t<div class=\"elementor-widget-wrap elementor-element-populated\">\n\t\t\t\t\t\t<div class=\"elementor-element elementor-element-3f925ad8 elementor-widget elementor-widget-questionnaire_ombrelle\" data-id=\"3f925ad8\" data-element_type=\"widget\" data-widget_type=\"questionnaire_ombrelle.default\">\n\t\t\t\t<div class=\"elementor-widget-container\">\n\t\t\t\t    <div class=\"ombrquest\" data-positive=\"<h1>Resultados<\/h1>\nTienes una mayor\u00eda de \u00abnunca\u00bb, parece que tu relaci\u00f3n es sana. A pesar de todo, si respondiste a este test, eso se debe posiblemente a que tienes dudas o preguntas sobre tu relaci\u00f3n. Cont\u00e1ctanos para hablar de ello.\" data-negative=\"<h1>Resultados<\/h1><p>Tienes un promedio que tiende hacia 'a veces', ten cuidado. Probablemente hay alg\u00fan tipo de control e incluso diferentes tipos de violencia en tu relaci\u00f3n.<\/p><p>No te quedes solo\/a y conf\u00eda en alguien.<\/p><p>Hay varias recursos disponibles: 811, Tel-jeunes y nosotros en L\u2019Ombre-Elle, estamos aqu\u00ed para ti; 819-326-1321.<\/p>\" data-rbtn=\"Saber m\u00e1s\" data-rurl=\"\/es\/me-cuestiono\/\">\n\t\t\t<div class=\"ombrquestions\">\n\t\t\t\t<h1>\u00bfMi relaci\u00f3n es sana?<\/h1>\n<h5>Este cuestionario interactivo te permitir\u00e1 reflexionar sobre tu relaci\u00f3n.<\/h5>\t\t\t\t<div class=\"ombr_track\">\n\t\t\t\t\t\t<div class=\"ombrquest_slide\"><h3>Temo y anticipo las reacciones de mi compa\u00f1ero (a)<\/h3><\/div><div class=\"ombrquest_slide\"><h3>Mi novio o mi novia quiere saber lo que hago siempre, a d\u00f3nde voy y con qui\u00e9n. Siento que debo siempre justificarme por todo.<\/h3><\/div><div class=\"ombrquest_slide\"><h3>\u00c9l o ella amenaza con suicidarse si termino la relaci\u00f3n<\/h3><\/div><div class=\"ombrquest_slide\"><h3>Las reacciones de mi novio o de mi novia influyen en la manera como me visto o me peino.<\/h3><\/div><div class=\"ombrquest_slide\"><h3>Dejo de lado mis actividades recreativas y mis actividades personales cuando el otro lo pide para pasar tiempo con ella o con \u00e9l.<\/h3><\/div><div class=\"ombrquest_slide\"><h3>Cuando mi novio o mi novia se enoja, \u00e9l o ella me insulta o me humilla<\/h3><\/div><div class=\"ombrquest_slide\"><h3>Desde que estoy con ella o con \u00e9l, veo mucho menos a mis amigos (as)<\/h3><\/div><div class=\"ombrquest_slide\"><h3>Evito dar mi opini\u00f3n, compartir mis necesidades y mis emociones por miedo a que \u00e9l\/ella se enoje.<\/h3><\/div><div class=\"ombrquest_slide\"><h3>Cuando tenemos un conflicto, siempre termina siendo mi culpa.<\/h3><\/div><div class=\"ombrquest_slide\"><h3>Tengo miedo de que \u00e9l o ella se vengue, por ejemplo enoj\u00e1ndose, ignor\u00e1ndome o rompiendo cosas que me pertenecen, si no act\u00fao como \u00e9l o ella quiere.<\/h3><\/div><div class=\"ombrquest_slide\"><h3>\u00c9l o ella me presiona para que tenga relaciones sexuales, incluso si no lo quiero, me siento obligada. Si le digo que no, tengo la impresi\u00f3n que tendr\u00e1 una consecuencia; si \u00e9l o ella se enoja, ir\u00e1 a buscar a otra persona.<\/h3><\/div><div class=\"ombrquest_slide\"><h3>A veces, cuando mi novio o mi novia se enoja, me lastima, empuj\u00e1ndome, me agarra fuertemente o me da de golpes.<\/h3><\/div>\t\t\t\t<\/div>\n\t\t\t\t<div class=\"quest_arrows\">\n\t\t\t\t\t<button data-value=\"0\" class=\"leftbtn qbtn\">Nunca<\/button><button data-value=\"1\" class=\"rightbtn qbtn\">A veces<\/button>\t\t\t\t<\/div>\t\t\t\n\t\t\t<\/div>\n\t\t\t<div class=\"ombrresult\">\n\t\t\t\t<div class=\"qresult\"><\/div>\n\t\t\t\t<button class=\"qbtn\" onclick=\"location.href='\/es\/me-cuestiono\/'\">Saber m\u00e1s<\/button>\t\t\t<\/div>\n        <\/div>\n\t    \t\t<\/div>\n\t\t\t\t<\/div>\n\t\t\t\t\t<\/div>\n\t\t<\/div>\n\t\t\t\t\t<\/div>\n\t\t<\/section>\n\t\t\t\t<section class=\"elementor-section elementor-top-section elementor-element elementor-element-5371137d elementor-section-full_width elementor-section-stretched elementor-section-height-default elementor-section-height-default\" data-id=\"5371137d\" data-element_type=\"section\" data-settings=\"{&quot;stretch_section&quot;:&quot;section-stretched&quot;}\">\n\t\t\t\t\t\t<div class=\"elementor-container elementor-column-gap-default\">\n\t\t\t\t\t<div class=\"aux-parallax-section elementor-column elementor-col-100 elementor-top-column elementor-element elementor-element-2527fa5f\" data-id=\"2527fa5f\" data-element_type=\"column\">\n\t\t\t<div class=\"elementor-widget-wrap elementor-element-populated\">\n\t\t\t\t\t\t<div class=\"elementor-element elementor-element-6b0cd388 e-transform elementor-widget elementor-widget-aux_image\" data-id=\"6b0cd388\" data-element_type=\"widget\" data-settings=\"{&quot;_transform_scale_effect&quot;:{&quot;unit&quot;:&quot;px&quot;,&quot;size&quot;:1.1,&quot;sizes&quot;:[]},&quot;_transform_scale_effect_tablet&quot;:{&quot;unit&quot;:&quot;px&quot;,&quot;size&quot;:&quot;&quot;,&quot;sizes&quot;:[]},&quot;_transform_scale_effect_mobile&quot;:{&quot;unit&quot;:&quot;px&quot;,&quot;size&quot;:&quot;&quot;,&quot;sizes&quot;:[]}}\" data-widget_type=\"aux_image.default\">\n\t\t\t\t<div class=\"elementor-widget-container\">\n\t\t\t<section class=\"widget-container aux-widget-image aux-alignnone aux-parent-auf5655da4\">\n    <div class=\"aux-media-hint-frame \">\n        <div class=\"aux-media-image \" >\n        \n            \n\n            \n            <img fetchpriority=\"high\" decoding=\"async\" width=\"2068\" height=\"2117\" src=\"https:\/\/lombrelle.qc.ca\/wp-content\/uploads\/2024\/03\/Group-19-1.png\" class=\"aux-attachment aux-featured-image aux-attachment-id-497\" alt=\"Group 19\" data-ratio=\"0.98\" data-original-w=\"2068\" \/>            \n                <\/div>\n    <\/div>\n\n<\/section><!-- widget-container -->\t\t<\/div>\n\t\t\t\t<\/div>\n\t\t\t\t\t<\/div>\n\t\t<\/div>\n\t\t\t\t\t<\/div>\n\t\t<\/section>\n\t\t\t\t<\/div>\n\t\t","protected":false},"excerpt":{"rendered":"<p>Ofrecemos alojamiento temporal, seguro y gratuito, as\u00ed como servicios de ayuda y acompa\u00f1amiento a corto plazo para mujeres y sus hijos v\u00edctimas de violencia dom\u00e9stica y control coercitivo.<\/p>\n","protected":false},"author":1,"featured_media":0,"parent":2923,"menu_order":0,"comment_status":"closed","ping_status":"closed","template":"","meta":{"footnotes":""},"class_list":["post-2927","page","type-page","status-publish","hentry"],"yoast_head":"<!-- This site is optimized with the Yoast SEO plugin v23.9 - https:\/\/yoast.com\/wordpress\/plugins\/seo\/ -->\n<title>Cuestionario para Adolescentes - L&#039;Ombre-Elle<\/title>\n<meta name=\"description\" content=\"Completa nuestro cuestionario: &#039;\u00bfEs saludable mi relaci\u00f3n?&#039; Servicios adaptados de ayuda para adolescentes v\u00edctimas de violencia dom\u00e9stica.\" \/>\n<meta name=\"robots\" content=\"noindex, follow, max-snippet:-1, max-image-preview:large, max-video-preview:-1\" \/>\n<meta property=\"og:locale\" content=\"es_ES\" \/>\n<meta property=\"og:type\" content=\"article\" \/>\n<meta property=\"og:title\" content=\"Cuestionario para Adolescentes - L&#039;Ombre-Elle\" \/>\n<meta property=\"og:description\" content=\"Completa nuestro cuestionario: &#039;\u00bfEs saludable mi relaci\u00f3n?&#039; Servicios adaptados de ayuda para adolescentes v\u00edctimas de violencia dom\u00e9stica.\" \/>\n<meta property=\"og:url\" content=\"https:\/\/lombrelle.qc.ca\/es\/necesito-ayuda\/seccion-ado\/cuestionario-para-adolescentes\/\" \/>\n<meta property=\"og:site_name\" content=\"L&#039;Ombre-Elle\" \/>\n<meta property=\"article:modified_time\" content=\"2024-06-04T18:36:33+00:00\" \/>\n<meta property=\"og:image\" content=\"https:\/\/lombrelle.qc.ca\/wp-content\/uploads\/2024\/03\/Group-19-1.png\" \/>\n<meta name=\"twitter:card\" content=\"summary_large_image\" \/>\n<meta name=\"twitter:label1\" content=\"Tiempo de lectura\" \/>\n\t<meta name=\"twitter:data1\" content=\"2 minutos\" \/>\n<script type=\"application\/ld+json\" class=\"yoast-schema-graph\">{\"@context\":\"https:\/\/schema.org\",\"@graph\":[{\"@type\":\"WebPage\",\"@id\":\"https:\/\/lombrelle.qc.ca\/es\/necesito-ayuda\/seccion-ado\/cuestionario-para-adolescentes\/\",\"url\":\"https:\/\/lombrelle.qc.ca\/es\/necesito-ayuda\/seccion-ado\/cuestionario-para-adolescentes\/\",\"name\":\"Cuestionario para Adolescentes - L&#039;Ombre-Elle\",\"isPartOf\":{\"@id\":\"https:\/\/lombrelle.qc.ca\/es\/#website\"},\"primaryImageOfPage\":{\"@id\":\"https:\/\/lombrelle.qc.ca\/es\/necesito-ayuda\/seccion-ado\/cuestionario-para-adolescentes\/#primaryimage\"},\"image\":{\"@id\":\"https:\/\/lombrelle.qc.ca\/es\/necesito-ayuda\/seccion-ado\/cuestionario-para-adolescentes\/#primaryimage\"},\"thumbnailUrl\":\"https:\/\/lombrelle.qc.ca\/wp-content\/uploads\/2024\/03\/Group-19-1.png\",\"datePublished\":\"2024-04-10T16:19:22+00:00\",\"dateModified\":\"2024-06-04T18:36:33+00:00\",\"description\":\"Completa nuestro cuestionario: '\u00bfEs saludable mi relaci\u00f3n?' Servicios adaptados de ayuda para adolescentes v\u00edctimas de violencia dom\u00e9stica.\",\"breadcrumb\":{\"@id\":\"https:\/\/lombrelle.qc.ca\/es\/necesito-ayuda\/seccion-ado\/cuestionario-para-adolescentes\/#breadcrumb\"},\"inLanguage\":\"es\",\"potentialAction\":[{\"@type\":\"ReadAction\",\"target\":[\"https:\/\/lombrelle.qc.ca\/es\/necesito-ayuda\/seccion-ado\/cuestionario-para-adolescentes\/\"]}]},{\"@type\":\"ImageObject\",\"inLanguage\":\"es\",\"@id\":\"https:\/\/lombrelle.qc.ca\/es\/necesito-ayuda\/seccion-ado\/cuestionario-para-adolescentes\/#primaryimage\",\"url\":\"https:\/\/lombrelle.qc.ca\/wp-content\/uploads\/2024\/03\/Group-19-1.png\",\"contentUrl\":\"https:\/\/lombrelle.qc.ca\/wp-content\/uploads\/2024\/03\/Group-19-1.png\"},{\"@type\":\"BreadcrumbList\",\"@id\":\"https:\/\/lombrelle.qc.ca\/es\/necesito-ayuda\/seccion-ado\/cuestionario-para-adolescentes\/#breadcrumb\",\"itemListElement\":[{\"@type\":\"ListItem\",\"position\":1,\"name\":\"Home\",\"item\":\"https:\/\/lombrelle.qc.ca\/es\/\"},{\"@type\":\"ListItem\",\"position\":2,\"name\":\"Necesito ayuda\",\"item\":\"https:\/\/lombrelle.qc.ca\/es\/necesito-ayuda\/\"},{\"@type\":\"ListItem\",\"position\":3,\"name\":\"Secci\u00f3n Ado\",\"item\":\"https:\/\/lombrelle.qc.ca\/es\/necesito-ayuda\/seccion-ado\/\"},{\"@type\":\"ListItem\",\"position\":4,\"name\":\"Cuestionario para Adolescentes\"}]},{\"@type\":\"WebSite\",\"@id\":\"https:\/\/lombrelle.qc.ca\/es\/#website\",\"url\":\"https:\/\/lombrelle.qc.ca\/es\/\",\"name\":\"L'Ombre-Elle\",\"description\":\"\",\"publisher\":{\"@id\":\"https:\/\/lombrelle.qc.ca\/es\/#organization\"},\"potentialAction\":[{\"@type\":\"SearchAction\",\"target\":{\"@type\":\"EntryPoint\",\"urlTemplate\":\"https:\/\/lombrelle.qc.ca\/es\/?s={search_term_string}\"},\"query-input\":{\"@type\":\"PropertyValueSpecification\",\"valueRequired\":true,\"valueName\":\"search_term_string\"}}],\"inLanguage\":\"es\"},{\"@type\":\"Organization\",\"@id\":\"https:\/\/lombrelle.qc.ca\/es\/#organization\",\"name\":\"L'Ombre-Elle\",\"url\":\"https:\/\/lombrelle.qc.ca\/es\/\",\"logo\":{\"@type\":\"ImageObject\",\"inLanguage\":\"es\",\"@id\":\"https:\/\/lombrelle.qc.ca\/es\/#\/schema\/logo\/image\/\",\"url\":\"https:\/\/lombrelle.qc.ca\/wp-content\/uploads\/2024\/05\/OMBRE_Logo_refonte2024_Horizontal_REV_VF.png\",\"contentUrl\":\"https:\/\/lombrelle.qc.ca\/wp-content\/uploads\/2024\/05\/OMBRE_Logo_refonte2024_Horizontal_REV_VF.png\",\"width\":275,\"height\":87,\"caption\":\"L'Ombre-Elle\"},\"image\":{\"@id\":\"https:\/\/lombrelle.qc.ca\/es\/#\/schema\/logo\/image\/\"}}]}<\/script>\n<!-- \/ Yoast SEO plugin. -->","yoast_head_json":{"title":"Cuestionario para Adolescentes - L&#039;Ombre-Elle","description":"Completa nuestro cuestionario: '\u00bfEs saludable mi relaci\u00f3n?' Servicios adaptados de ayuda para adolescentes v\u00edctimas de violencia dom\u00e9stica.","robots":{"index":"noindex","follow":"follow","max-snippet":"max-snippet:-1","max-image-preview":"max-image-preview:large","max-video-preview":"max-video-preview:-1"},"og_locale":"es_ES","og_type":"article","og_title":"Cuestionario para Adolescentes - L&#039;Ombre-Elle","og_description":"Completa nuestro cuestionario: '\u00bfEs saludable mi relaci\u00f3n?' Servicios adaptados de ayuda para adolescentes v\u00edctimas de violencia dom\u00e9stica.","og_url":"https:\/\/lombrelle.qc.ca\/es\/necesito-ayuda\/seccion-ado\/cuestionario-para-adolescentes\/","og_site_name":"L&#039;Ombre-Elle","article_modified_time":"2024-06-04T18:36:33+00:00","og_image":[{"url":"https:\/\/lombrelle.qc.ca\/wp-content\/uploads\/2024\/03\/Group-19-1.png"}],"twitter_card":"summary_large_image","twitter_misc":{"Tiempo de lectura":"2 minutos"},"schema":{"@context":"https:\/\/schema.org","@graph":[{"@type":"WebPage","@id":"https:\/\/lombrelle.qc.ca\/es\/necesito-ayuda\/seccion-ado\/cuestionario-para-adolescentes\/","url":"https:\/\/lombrelle.qc.ca\/es\/necesito-ayuda\/seccion-ado\/cuestionario-para-adolescentes\/","name":"Cuestionario para Adolescentes - L&#039;Ombre-Elle","isPartOf":{"@id":"https:\/\/lombrelle.qc.ca\/es\/#website"},"primaryImageOfPage":{"@id":"https:\/\/lombrelle.qc.ca\/es\/necesito-ayuda\/seccion-ado\/cuestionario-para-adolescentes\/#primaryimage"},"image":{"@id":"https:\/\/lombrelle.qc.ca\/es\/necesito-ayuda\/seccion-ado\/cuestionario-para-adolescentes\/#primaryimage"},"thumbnailUrl":"https:\/\/lombrelle.qc.ca\/wp-content\/uploads\/2024\/03\/Group-19-1.png","datePublished":"2024-04-10T16:19:22+00:00","dateModified":"2024-06-04T18:36:33+00:00","description":"Completa nuestro cuestionario: '\u00bfEs saludable mi relaci\u00f3n?' Servicios adaptados de ayuda para adolescentes v\u00edctimas de violencia dom\u00e9stica.","breadcrumb":{"@id":"https:\/\/lombrelle.qc.ca\/es\/necesito-ayuda\/seccion-ado\/cuestionario-para-adolescentes\/#breadcrumb"},"inLanguage":"es","potentialAction":[{"@type":"ReadAction","target":["https:\/\/lombrelle.qc.ca\/es\/necesito-ayuda\/seccion-ado\/cuestionario-para-adolescentes\/"]}]},{"@type":"ImageObject","inLanguage":"es","@id":"https:\/\/lombrelle.qc.ca\/es\/necesito-ayuda\/seccion-ado\/cuestionario-para-adolescentes\/#primaryimage","url":"https:\/\/lombrelle.qc.ca\/wp-content\/uploads\/2024\/03\/Group-19-1.png","contentUrl":"https:\/\/lombrelle.qc.ca\/wp-content\/uploads\/2024\/03\/Group-19-1.png"},{"@type":"BreadcrumbList","@id":"https:\/\/lombrelle.qc.ca\/es\/necesito-ayuda\/seccion-ado\/cuestionario-para-adolescentes\/#breadcrumb","itemListElement":[{"@type":"ListItem","position":1,"name":"Home","item":"https:\/\/lombrelle.qc.ca\/es\/"},{"@type":"ListItem","position":2,"name":"Necesito ayuda","item":"https:\/\/lombrelle.qc.ca\/es\/necesito-ayuda\/"},{"@type":"ListItem","position":3,"name":"Secci\u00f3n Ado","item":"https:\/\/lombrelle.qc.ca\/es\/necesito-ayuda\/seccion-ado\/"},{"@type":"ListItem","position":4,"name":"Cuestionario para Adolescentes"}]},{"@type":"WebSite","@id":"https:\/\/lombrelle.qc.ca\/es\/#website","url":"https:\/\/lombrelle.qc.ca\/es\/","name":"L'Ombre-Elle","description":"","publisher":{"@id":"https:\/\/lombrelle.qc.ca\/es\/#organization"},"potentialAction":[{"@type":"SearchAction","target":{"@type":"EntryPoint","urlTemplate":"https:\/\/lombrelle.qc.ca\/es\/?s={search_term_string}"},"query-input":{"@type":"PropertyValueSpecification","valueRequired":true,"valueName":"search_term_string"}}],"inLanguage":"es"},{"@type":"Organization","@id":"https:\/\/lombrelle.qc.ca\/es\/#organization","name":"L'Ombre-Elle","url":"https:\/\/lombrelle.qc.ca\/es\/","logo":{"@type":"ImageObject","inLanguage":"es","@id":"https:\/\/lombrelle.qc.ca\/es\/#\/schema\/logo\/image\/","url":"https:\/\/lombrelle.qc.ca\/wp-content\/uploads\/2024\/05\/OMBRE_Logo_refonte2024_Horizontal_REV_VF.png","contentUrl":"https:\/\/lombrelle.qc.ca\/wp-content\/uploads\/2024\/05\/OMBRE_Logo_refonte2024_Horizontal_REV_VF.png","width":275,"height":87,"caption":"L'Ombre-Elle"},"image":{"@id":"https:\/\/lombrelle.qc.ca\/es\/#\/schema\/logo\/image\/"}}]}},"_links":{"self":[{"href":"https:\/\/lombrelle.qc.ca\/es\/wp-json\/wp\/v2\/pages\/2927","targetHints":{"allow":["GET"]}}],"collection":[{"href":"https:\/\/lombrelle.qc.ca\/es\/wp-json\/wp\/v2\/pages"}],"about":[{"href":"https:\/\/lombrelle.qc.ca\/es\/wp-json\/wp\/v2\/types\/page"}],"author":[{"embeddable":true,"href":"https:\/\/lombrelle.qc.ca\/es\/wp-json\/wp\/v2\/users\/1"}],"replies":[{"embeddable":true,"href":"https:\/\/lombrelle.qc.ca\/es\/wp-json\/wp\/v2\/comments?post=2927"}],"version-history":[{"count":25,"href":"https:\/\/lombrelle.qc.ca\/es\/wp-json\/wp\/v2\/pages\/2927\/revisions"}],"predecessor-version":[{"id":3231,"href":"https:\/\/lombrelle.qc.ca\/es\/wp-json\/wp\/v2\/pages\/2927\/revisions\/3231"}],"up":[{"embeddable":true,"href":"https:\/\/lombrelle.qc.ca\/es\/wp-json\/wp\/v2\/pages\/2923"}],"wp:attachment":[{"href":"https:\/\/lombrelle.qc.ca\/es\/wp-json\/wp\/v2\/media?parent=2927"}],"curies":[{"name":"wp","href":"https:\/\/api.w.org\/{rel}","templated":true}]}}