{"id":2903,"date":"2020-07-11T08:43:28","date_gmt":"2020-07-11T08:43:28","guid":{"rendered":"https:\/\/lombrelle.qc.ca\/me-cuestiono\/cuestionario\/"},"modified":"2024-06-19T17:56:55","modified_gmt":"2024-06-19T17:56:55","slug":"cuestionario","status":"publish","type":"page","link":"https:\/\/lombrelle.qc.ca\/es\/me-cuestiono\/cuestionario\/","title":{"rendered":"Cuestionario"},"content":{"rendered":"\t\t<div data-elementor-type=\"wp-page\" data-elementor-id=\"2903\" class=\"elementor elementor-2903 elementor-67\">\n\t\t\t\t\t\t<section class=\"elementor-section elementor-top-section elementor-element elementor-element-376e24a elementor-section-boxed elementor-section-height-default elementor-section-height-default\" data-id=\"376e24a\" data-element_type=\"section\">\n\t\t\t\t\t\t\t<div class=\"elementor-background-overlay\"><\/div>\n\t\t\t\t\t\t\t<div class=\"elementor-container elementor-column-gap-default\">\n\t\t\t\t\t<div class=\"aux-parallax-section elementor-column elementor-col-100 elementor-top-column elementor-element elementor-element-5d5663b\" data-id=\"5d5663b\" data-element_type=\"column\">\n\t\t\t<div class=\"elementor-widget-wrap elementor-element-populated\">\n\t\t\t\t\t\t<div class=\"elementor-element elementor-element-777b801 elementor-widget elementor-widget-questionnaire_ombrelle\" data-id=\"777b801\" data-element_type=\"widget\" data-widget_type=\"questionnaire_ombrelle.default\">\n\t\t\t\t<div class=\"elementor-widget-container\">\n\t\t\t\t    <div class=\"ombrquest\" data-positive=\"<h1>Resultados<\/h1><p>Has identificado uno o varios comportamientos violentos y de control en tu relaci\u00f3n; algunos pueden ser preocupantes para tu seguridad o la de un ni\u00f1o.<\/p><p>Te proponemos contactar a una interventora al 819-326-1321 para poder explicar tu situaci\u00f3n con m\u00e1s detalle y evaluar la presencia de una din\u00e1mica de control en tu relaci\u00f3n.<\/p>\" data-negative=\"<h1>Resultados<\/h1><p>Parece que no has identificado comportamientos violentos entre los ejemplos propuestos, pero el control y la violencia pueden adoptar diferentes formas. La violencia conyugal es dif\u00edcil de resumir con pocos ejemplos. \u00c9sta se presenta a menudo con comportamientos de control que se manifiestan en momentos cotidianos. Si las dudas te han conducido hasta aqu\u00ed, merece la pena que te detengas un momento para validar tu situaci\u00f3n.<\/p><p>Te sugerimos que contin\u00faes tu reflexi\u00f3n con una interventora; puedes comunicarte con nosotras al 819-326-1321.<\/p>\" data-rbtn=\"Para m\u00e1s informaci\u00f3n \" data-rurl=\"\/es\/me-cuestiono\/\">\n\t\t\t<div class=\"ombrquestions\">\n\t\t\t\t<h1>\u00bfEstoy experimentando violencia?<\/h1><h5>Este cuestionario interactivo te permitir\u00e1 reflexionar sobre tu relaci\u00f3n<\/h5><p>\u00bfLlega a suceder que tu compa\u00f1ero \u00edntimo o tu ex-compa\u00f1ero<\/p>\t\t\t\t<div class=\"ombr_track\">\n\t\t\t\t\t\t<div class=\"ombrquest_slide\"><h3> te env\u00ede una imagen negativa de ti misma, humill\u00e1ndote, insult\u00e1ndote o ridiculizando tus decisiones?<\/h3><\/div><div class=\"ombrquest_slide\"><h3>levante la voz y utilize malas palabras para imponer su opini\u00f3n o su visi\u00f3n de las cosas?<\/h3><\/div><div class=\"ombrquest_slide\"><h3>tenga una actitud negativa frente a tus familiares (amigas, familiares, colegas) y haga dif\u00edcil el contacto con ellos?<\/h3><\/div><div class=\"ombrquest_slide\"><h3>controle aspectos de tu vida profesional o utilice argumentos financieros para forzar tus decisiones?<\/h3><\/div><div class=\"ombrquest_slide\"><h3>te obligue a compartir tus contrase\u00f1as o tu geolocalizaci\u00f3n<\/h3><\/div><div class=\"ombrquest_slide\"><h3>insista para leer tus intercambios privados o lo hace sin tu consentimiento?<\/h3><\/div><div class=\"ombrquest_slide\"><h3>brutalice, lance, rompa objetos o golpee los muros en tu presencia?<\/h3><\/div><div class=\"ombrquest_slide\"><h3>te siga, te esp\u00ede o se presente en ciertos lugares (trabajo, reuni\u00f3n de amigos, escuela) sin ser invitado?<\/h3><\/div><div class=\"ombrquest_slide\"><h3>rechace irse, a\u00fan si tu se lo pides?<\/h3><\/div><div class=\"ombrquest_slide\"><h3>te reproche constantemente las dificultades de vuestra relaci\u00f3n?<\/h3><\/div><div class=\"ombrquest_slide\"><h3>te amenace con suicidarse si lo dejas o si rompes los v\u00ednculos con \u00e9l?<\/h3><\/div><div class=\"ombrquest_slide\"><h3>ejerza un control sobre tus finanzas o te pide que justifiques tus gastos?<\/h3><\/div><div class=\"ombrquest_slide\"><h3>ejerza presi\u00f3n o utilice el chantaje y la manipulaci\u00f3n para tener relaciones sexuales?<\/h3><\/div><div class=\"ombrquest_slide\"><h3>ridiculice tus creencias espirituales\/religiosas o te impida practicar rituales o te obligue a adherir a sus pr\u00e1cticas?<\/h3><\/div><div class=\"ombrquest_slide\"><h3>dude de tus percepciones o de tu salud mental?<\/h3><\/div><div class=\"ombrquest_slide\"><h3>est\u00e9 celoso o te acuse de infidelidad?<\/h3><\/div><div class=\"ombrquest_slide\"><h3>amenace con dejarte o con enga\u00f1arte?<\/h3><\/div><div class=\"ombrquest_slide\"><h3>suscite emociones negativas (miedo, pena, ira, culpabilidad o verg\u00fcenza), y despu\u00e9s te reproche por tu estado emocional?<\/h3><\/div><div class=\"ombrquest_slide\"><h3>te amenace (de manera clara o encubierta) con lastimarte o con matarte?<\/h3><\/div><div class=\"ombrquest_slide\"><h3>te obligue a aceptar ciertas pr\u00e1cticas sexuales que no te gustan o que tu no queres probar?<\/h3><\/div><div class=\"ombrquest_slide\"><h3>mienta a los polic\u00edas o a los interventores sociales o judiciales o amenaza con hacerlo?<\/h3><\/div><div class=\"ombrquest_slide\"><h3>no respete las \u00f3rdenes o las sentencias de la corte?<\/h3><\/div>\t\t\t\t<\/div>\n\t\t\t\t<div class=\"quest_arrows\">\n\t\t\t\t\t<button data-value=\"1\" class=\"leftbtn qbtn\">No<\/button><button data-value=\"0\" class=\"rightbtn qbtn\">Si<\/button>\t\t\t\t<\/div>\t\t\t\n\t\t\t<\/div>\n\t\t\t<div class=\"ombrresult\">\n\t\t\t\t<div class=\"qresult\"><\/div>\n\t\t\t\t<button class=\"qbtn\" onclick=\"location.href='\/es\/me-cuestiono\/'\">Para m\u00e1s informaci\u00f3n <\/button>\t\t\t<\/div>\n        <\/div>\n\t    \t\t<\/div>\n\t\t\t\t<\/div>\n\t\t\t\t\t<\/div>\n\t\t<\/div>\n\t\t\t\t\t<\/div>\n\t\t<\/section>\n\t\t\t\t<section class=\"elementor-section elementor-top-section elementor-element elementor-element-1037262 elementor-section-full_width elementor-section-stretched elementor-section-height-default elementor-section-height-default\" data-id=\"1037262\" data-element_type=\"section\" data-settings=\"{&quot;stretch_section&quot;:&quot;section-stretched&quot;}\">\n\t\t\t\t\t\t<div class=\"elementor-container elementor-column-gap-default\">\n\t\t\t\t\t<div class=\"aux-parallax-section elementor-column elementor-col-100 elementor-top-column elementor-element elementor-element-a8b68fd\" data-id=\"a8b68fd\" data-element_type=\"column\">\n\t\t\t<div class=\"elementor-widget-wrap\">\n\t\t\t\t\t\t\t<\/div>\n\t\t<\/div>\n\t\t\t\t\t<\/div>\n\t\t<\/section>\n\t\t\t\t<\/div>\n\t\t","protected":false},"excerpt":{"rendered":"<p>Ofrecemos alojamiento temporal, seguro y gratuito, as\u00ed como servicios de ayuda y acompa\u00f1amiento a corto plazo para mujeres y sus hijos v\u00edctimas de violencia dom\u00e9stica y control coercitivo.<\/p>\n","protected":false},"author":1,"featured_media":0,"parent":2889,"menu_order":0,"comment_status":"closed","ping_status":"closed","template":"","meta":{"footnotes":""},"class_list":["post-2903","page","type-page","status-publish","hentry"],"yoast_head":"<!-- This site is optimized with the Yoast SEO plugin v23.9 - https:\/\/yoast.com\/wordpress\/plugins\/seo\/ -->\n<title>Cuestionario - L&#039;Ombre-Elle<\/title>\n<meta name=\"description\" content=\"\u00bfSoy v\u00edctima de violencia dom\u00e9stica? Tienes dudas? Haz el cuestionario: &#039;\u00bfEstoy experimentando violencia?&#039; o llama al 819 326-1321.\" \/>\n<meta name=\"robots\" content=\"noindex, follow, max-snippet:-1, max-image-preview:large, max-video-preview:-1\" \/>\n<meta property=\"og:locale\" content=\"es_ES\" \/>\n<meta property=\"og:type\" content=\"article\" \/>\n<meta property=\"og:title\" content=\"Cuestionario - L&#039;Ombre-Elle\" \/>\n<meta property=\"og:description\" content=\"\u00bfSoy v\u00edctima de violencia dom\u00e9stica? Tienes dudas? Haz el cuestionario: &#039;\u00bfEstoy experimentando violencia?&#039; o llama al 819 326-1321.\" \/>\n<meta property=\"og:url\" content=\"https:\/\/lombrelle.qc.ca\/es\/me-cuestiono\/cuestionario\/\" \/>\n<meta property=\"og:site_name\" content=\"L&#039;Ombre-Elle\" \/>\n<meta property=\"article:modified_time\" content=\"2024-06-19T17:56:55+00:00\" \/>\n<meta name=\"twitter:card\" content=\"summary_large_image\" \/>\n<meta name=\"twitter:label1\" content=\"Tiempo de lectura\" \/>\n\t<meta name=\"twitter:data1\" content=\"3 minutos\" \/>\n<script type=\"application\/ld+json\" class=\"yoast-schema-graph\">{\"@context\":\"https:\/\/schema.org\",\"@graph\":[{\"@type\":\"WebPage\",\"@id\":\"https:\/\/lombrelle.qc.ca\/es\/me-cuestiono\/cuestionario\/\",\"url\":\"https:\/\/lombrelle.qc.ca\/es\/me-cuestiono\/cuestionario\/\",\"name\":\"Cuestionario - L&#039;Ombre-Elle\",\"isPartOf\":{\"@id\":\"https:\/\/lombrelle.qc.ca\/es\/#website\"},\"datePublished\":\"2020-07-11T08:43:28+00:00\",\"dateModified\":\"2024-06-19T17:56:55+00:00\",\"description\":\"\u00bfSoy v\u00edctima de violencia dom\u00e9stica? Tienes dudas? Haz el cuestionario: '\u00bfEstoy experimentando violencia?' o llama al 819 326-1321.\",\"breadcrumb\":{\"@id\":\"https:\/\/lombrelle.qc.ca\/es\/me-cuestiono\/cuestionario\/#breadcrumb\"},\"inLanguage\":\"es\",\"potentialAction\":[{\"@type\":\"ReadAction\",\"target\":[\"https:\/\/lombrelle.qc.ca\/es\/me-cuestiono\/cuestionario\/\"]}]},{\"@type\":\"BreadcrumbList\",\"@id\":\"https:\/\/lombrelle.qc.ca\/es\/me-cuestiono\/cuestionario\/#breadcrumb\",\"itemListElement\":[{\"@type\":\"ListItem\",\"position\":1,\"name\":\"Home\",\"item\":\"https:\/\/lombrelle.qc.ca\/es\/\"},{\"@type\":\"ListItem\",\"position\":2,\"name\":\"Me cuestiono\",\"item\":\"https:\/\/lombrelle.qc.ca\/es\/je-me-questionne\/\"},{\"@type\":\"ListItem\",\"position\":3,\"name\":\"Cuestionario\"}]},{\"@type\":\"WebSite\",\"@id\":\"https:\/\/lombrelle.qc.ca\/es\/#website\",\"url\":\"https:\/\/lombrelle.qc.ca\/es\/\",\"name\":\"L'Ombre-Elle\",\"description\":\"\",\"publisher\":{\"@id\":\"https:\/\/lombrelle.qc.ca\/es\/#organization\"},\"potentialAction\":[{\"@type\":\"SearchAction\",\"target\":{\"@type\":\"EntryPoint\",\"urlTemplate\":\"https:\/\/lombrelle.qc.ca\/es\/?s={search_term_string}\"},\"query-input\":{\"@type\":\"PropertyValueSpecification\",\"valueRequired\":true,\"valueName\":\"search_term_string\"}}],\"inLanguage\":\"es\"},{\"@type\":\"Organization\",\"@id\":\"https:\/\/lombrelle.qc.ca\/es\/#organization\",\"name\":\"L'Ombre-Elle\",\"url\":\"https:\/\/lombrelle.qc.ca\/es\/\",\"logo\":{\"@type\":\"ImageObject\",\"inLanguage\":\"es\",\"@id\":\"https:\/\/lombrelle.qc.ca\/es\/#\/schema\/logo\/image\/\",\"url\":\"https:\/\/lombrelle.qc.ca\/wp-content\/uploads\/2024\/05\/OMBRE_Logo_refonte2024_Horizontal_REV_VF.png\",\"contentUrl\":\"https:\/\/lombrelle.qc.ca\/wp-content\/uploads\/2024\/05\/OMBRE_Logo_refonte2024_Horizontal_REV_VF.png\",\"width\":275,\"height\":87,\"caption\":\"L'Ombre-Elle\"},\"image\":{\"@id\":\"https:\/\/lombrelle.qc.ca\/es\/#\/schema\/logo\/image\/\"}}]}<\/script>\n<!-- \/ Yoast SEO plugin. -->","yoast_head_json":{"title":"Cuestionario - L&#039;Ombre-Elle","description":"\u00bfSoy v\u00edctima de violencia dom\u00e9stica? Tienes dudas? Haz el cuestionario: '\u00bfEstoy experimentando violencia?' o llama al 819 326-1321.","robots":{"index":"noindex","follow":"follow","max-snippet":"max-snippet:-1","max-image-preview":"max-image-preview:large","max-video-preview":"max-video-preview:-1"},"og_locale":"es_ES","og_type":"article","og_title":"Cuestionario - L&#039;Ombre-Elle","og_description":"\u00bfSoy v\u00edctima de violencia dom\u00e9stica? Tienes dudas? Haz el cuestionario: '\u00bfEstoy experimentando violencia?' o llama al 819 326-1321.","og_url":"https:\/\/lombrelle.qc.ca\/es\/me-cuestiono\/cuestionario\/","og_site_name":"L&#039;Ombre-Elle","article_modified_time":"2024-06-19T17:56:55+00:00","twitter_card":"summary_large_image","twitter_misc":{"Tiempo de lectura":"3 minutos"},"schema":{"@context":"https:\/\/schema.org","@graph":[{"@type":"WebPage","@id":"https:\/\/lombrelle.qc.ca\/es\/me-cuestiono\/cuestionario\/","url":"https:\/\/lombrelle.qc.ca\/es\/me-cuestiono\/cuestionario\/","name":"Cuestionario - L&#039;Ombre-Elle","isPartOf":{"@id":"https:\/\/lombrelle.qc.ca\/es\/#website"},"datePublished":"2020-07-11T08:43:28+00:00","dateModified":"2024-06-19T17:56:55+00:00","description":"\u00bfSoy v\u00edctima de violencia dom\u00e9stica? Tienes dudas? Haz el cuestionario: '\u00bfEstoy experimentando violencia?' o llama al 819 326-1321.","breadcrumb":{"@id":"https:\/\/lombrelle.qc.ca\/es\/me-cuestiono\/cuestionario\/#breadcrumb"},"inLanguage":"es","potentialAction":[{"@type":"ReadAction","target":["https:\/\/lombrelle.qc.ca\/es\/me-cuestiono\/cuestionario\/"]}]},{"@type":"BreadcrumbList","@id":"https:\/\/lombrelle.qc.ca\/es\/me-cuestiono\/cuestionario\/#breadcrumb","itemListElement":[{"@type":"ListItem","position":1,"name":"Home","item":"https:\/\/lombrelle.qc.ca\/es\/"},{"@type":"ListItem","position":2,"name":"Me cuestiono","item":"https:\/\/lombrelle.qc.ca\/es\/je-me-questionne\/"},{"@type":"ListItem","position":3,"name":"Cuestionario"}]},{"@type":"WebSite","@id":"https:\/\/lombrelle.qc.ca\/es\/#website","url":"https:\/\/lombrelle.qc.ca\/es\/","name":"L'Ombre-Elle","description":"","publisher":{"@id":"https:\/\/lombrelle.qc.ca\/es\/#organization"},"potentialAction":[{"@type":"SearchAction","target":{"@type":"EntryPoint","urlTemplate":"https:\/\/lombrelle.qc.ca\/es\/?s={search_term_string}"},"query-input":{"@type":"PropertyValueSpecification","valueRequired":true,"valueName":"search_term_string"}}],"inLanguage":"es"},{"@type":"Organization","@id":"https:\/\/lombrelle.qc.ca\/es\/#organization","name":"L'Ombre-Elle","url":"https:\/\/lombrelle.qc.ca\/es\/","logo":{"@type":"ImageObject","inLanguage":"es","@id":"https:\/\/lombrelle.qc.ca\/es\/#\/schema\/logo\/image\/","url":"https:\/\/lombrelle.qc.ca\/wp-content\/uploads\/2024\/05\/OMBRE_Logo_refonte2024_Horizontal_REV_VF.png","contentUrl":"https:\/\/lombrelle.qc.ca\/wp-content\/uploads\/2024\/05\/OMBRE_Logo_refonte2024_Horizontal_REV_VF.png","width":275,"height":87,"caption":"L'Ombre-Elle"},"image":{"@id":"https:\/\/lombrelle.qc.ca\/es\/#\/schema\/logo\/image\/"}}]}},"_links":{"self":[{"href":"https:\/\/lombrelle.qc.ca\/es\/wp-json\/wp\/v2\/pages\/2903","targetHints":{"allow":["GET"]}}],"collection":[{"href":"https:\/\/lombrelle.qc.ca\/es\/wp-json\/wp\/v2\/pages"}],"about":[{"href":"https:\/\/lombrelle.qc.ca\/es\/wp-json\/wp\/v2\/types\/page"}],"author":[{"embeddable":true,"href":"https:\/\/lombrelle.qc.ca\/es\/wp-json\/wp\/v2\/users\/1"}],"replies":[{"embeddable":true,"href":"https:\/\/lombrelle.qc.ca\/es\/wp-json\/wp\/v2\/comments?post=2903"}],"version-history":[{"count":12,"href":"https:\/\/lombrelle.qc.ca\/es\/wp-json\/wp\/v2\/pages\/2903\/revisions"}],"predecessor-version":[{"id":3521,"href":"https:\/\/lombrelle.qc.ca\/es\/wp-json\/wp\/v2\/pages\/2903\/revisions\/3521"}],"up":[{"embeddable":true,"href":"https:\/\/lombrelle.qc.ca\/es\/wp-json\/wp\/v2\/pages\/2889"}],"wp:attachment":[{"href":"https:\/\/lombrelle.qc.ca\/es\/wp-json\/wp\/v2\/media?parent=2903"}],"curies":[{"name":"wp","href":"https:\/\/api.w.org\/{rel}","templated":true}]}}